{"id":3566,"date":"2022-04-28T17:17:54","date_gmt":"2022-04-28T15:17:54","guid":{"rendered":"https:\/\/www.studiotcl.com\/?page_id=3566"},"modified":"2022-04-28T17:17:54","modified_gmt":"2022-04-28T15:17:54","slug":"matteo-cicero","status":"publish","type":"page","link":"https:\/\/www.studiotcl.com\/en\/matteo-cicero\/","title":{"rendered":"Matteo Cicero"},"content":{"rendered":"<p>Lawyer &#8211; Specialist in M&amp;A and the Chinese market at PKF China<\/p>\n<p>Matteo Cicero<\/p>\n<p>+39 0108183250<\/p>\n<p><a href=\"mailto:matteocicero00@gmail.com\">matteocicero00@gmail.com<\/a><\/p>\n<p>&nbsp;<\/p>\n<p><strong>BIOGRAPHY<\/strong><\/p>\n<ul>\n<li>Member of the Milan Bar Association<\/li>\n<li>Master&#8217;s degree in Law at the Catholic University of Milan<\/li>\n<li>Summer school on immigration policies in Europe at Universit\u00e8 Libre de Bruxelles<\/li>\n<li>Master in Diplomacy at the Institute of International Policy Studies<\/li>\n<\/ul>\n<p><strong>PROFESSIONAL CAREER<\/strong><\/p>\n<ul>\n<li>2013 &#8211; 08.2014 &#8211; KPMG International<\/li>\n<li>2016 &#8211; 01.2017 &#8211; Soci\u00e9t\u00e9 G\u00e9n\u00e9rale (CBI)<\/li>\n<li>2017 &#8211; today &#8211; PKF China<\/li>\n<\/ul>\n<p><strong>EXPERTISE<\/strong><\/p>\n<ul>\n<li>Immigration law<\/li>\n<li>International trade law with a particular focus on the Chinese market.<\/li>\n<li>Advice on international investments<\/li>\n<li>M&amp;A.<\/li>\n<li>Compliance law<\/li>\n<\/ul>\n","protected":false},"excerpt":{"rendered":"<p>Lawyer &#8211; Specialist in M&amp;A and the Chinese market at PKF China Matteo Cicero +39 0108183250 matteocicero00@gmail.com &nbsp; BIOGRAPHY Member of the Milan Bar Association Master&#8217;s degree in Law at the Catholic University of Milan Summer school on immigration policies in Europe at Universit\u00e8 Libre de Bruxelles Master in Diplomacy at the Institute of International [&hellip;]<\/p>\n","protected":false},"author":4,"featured_media":0,"parent":0,"menu_order":0,"comment_status":"closed","ping_status":"closed","template":"","meta":{"_monsterinsights_skip_tracking":false,"_monsterinsights_sitenote_active":false,"_monsterinsights_sitenote_note":"","_monsterinsights_sitenote_category":0,"footnotes":""},"class_list":["post-3566","page","type-page","status-publish","hentry"],"_links":{"self":[{"href":"https:\/\/www.studiotcl.com\/en\/wp-json\/wp\/v2\/pages\/3566\/"}],"collection":[{"href":"https:\/\/www.studiotcl.com\/en\/wp-json\/wp\/v2\/pages\/"}],"about":[{"href":"https:\/\/www.studiotcl.com\/en\/wp-json\/wp\/v2\/types\/page\/"}],"author":[{"embeddable":true,"href":"https:\/\/www.studiotcl.com\/en\/wp-json\/wp\/v2\/users\/4\/"}],"replies":[{"embeddable":true,"href":"https:\/\/www.studiotcl.com\/en\/wp-json\/wp\/v2\/comments\/?post=3566"}],"version-history":[{"count":1,"href":"https:\/\/www.studiotcl.com\/en\/wp-json\/wp\/v2\/pages\/3566\/revisions\/"}],"predecessor-version":[{"id":3567,"href":"https:\/\/www.studiotcl.com\/en\/wp-json\/wp\/v2\/pages\/3566\/revisions\/3567\/"}],"wp:attachment":[{"href":"https:\/\/www.studiotcl.com\/en\/wp-json\/wp\/v2\/media\/?parent=3566"}],"curies":[{"name":"wp","href":"https:\/\/api.w.org\/{rel}","templated":true}]}}